{"id":396,"date":"2020-04-19T16:59:13","date_gmt":"2020-04-19T16:59:13","guid":{"rendered":"http:\/\/bakumer-wiesenei.de\/?page_id=396"},"modified":"2020-04-19T17:11:08","modified_gmt":"2020-04-19T17:11:08","slug":"datenschutzerklaerung","status":"publish","type":"page","link":"https:\/\/bakumer-wiesenei.de\/?page_id=396","title":{"rendered":"Datenschutzerkl\u00e4rung"},"content":{"rendered":"<p>Datenschutzerkl\u00e4rung<\/p>\n<p>Name und Kontakt des Verantwortlichen gem\u00e4\u00df Artikel 4 Abs. 7 DSGVO<\/p>\n<p>Name: Hof Kure GbR<br \/>\nVertreten durch: Fabian Kurre<br \/>\nAnschrift: Zum See 4, 49456 Bakum<br \/>\nTelefon: 04446-968244<br \/>\nE-Mail: info@bakumer-wiesenei.de<\/p>\n<p>Sicherheit und Schutz Ihrer personenbezogenen Daten<\/p>\n<p>Wir betrachten es als unsere vorrangige Aufgabe, die Vertraulichkeit der von Ihnen bereitgestellten personenbezogenen Daten zu wahren und diese vor unbefugten Zugriffen zu sch\u00fctzen. Deshalb wenden wir \u00e4u\u00dferste Sorgfalt und modernste Sicherheitsstandards an, um einen maximalen Schutz Ihrer personenbezogenen Daten zu gew\u00e4hrleisten.<\/p>\n<p>Als privatrechtliches Unternehmen unterliegen wir den Bestimmungen der europ\u00e4ischen Datenschutzgrundverordnung (DSGVO) und den Regelungen des Bundesdatenschutzgesetzes (BDSG). Wir haben technische und organisatorische Ma\u00dfnahmen getroffen, die sicherstellen, dass die Vorschriften \u00fcber den Datenschutz sowohl von uns, als auch von unseren externen Dienstleistern beachtet werden.<\/p>\n<p>Begriffsbestimmungen<\/p>\n<p>Der Gesetzgeber fordert, dass personenbezogene Daten auf rechtm\u00e4\u00dfige Weise, nach Treu und Glauben und in einer f\u00fcr die betroffene Person nachvollziehbaren Weise verarbeitet werden (\u201eRechtm\u00e4\u00dfigkeit, Verarbeitung nach Treu und Glauben, Transparenz\u201c). Um dies zu gew\u00e4hrleisten, informieren wir Sie \u00fcber die einzelnen gesetzlichen Begriffsbestimmungen, die auch in dieser Datenschutzerkl\u00e4rung verwendet werden:<\/p>\n<p>Personenbezogene Daten<br \/>\n\u201ePersonenbezogene Daten\u201c sind alle Informationen, die sich auf eine identifizierte oder identifizierbare nat\u00fcrliche Person (im Folgenden \u201ebetroffene Person\u201c) beziehen; als identifizierbar wird eine nat\u00fcrliche Person angesehen, die direkt oder indirekt, insbesondere mittels Zuordnung zu einer Kennung wie einem Namen, zu einer Kennnummer, zu Standortdaten, zu einer Online-Kennung oder zu einem oder mehreren besonderen Merkmalen identifiziert werden kann, die Ausdruck der physischen, physiologischen, genetischen, psychischen, wirtschaftlichen, kulturellen oder sozialen Identit\u00e4t dieser nat\u00fcrlichen Person sind.<br \/>\nVerarbeitung<br \/>\n\u201eVerarbeitung\u201c ist jeder, mit oder ohne Hilfe automatisierter Verfahren, ausgef\u00fchrter Vorgang oder jede solche Vorgangsreihe im Zusammenhang mit personenbezogenen Daten wie das Erheben, das Erfassen, die Organisation, das Ordnen, die Speicherung, die Anpassung oder Ver\u00e4nderung, das Auslesen, das Abfragen, die Verwendung, die Offenlegung durch \u00dcbermittlung, Verbreitung oder eine andere Form der Bereitstellung, den Abgleich oder die Verkn\u00fcpfung, die Einschr\u00e4nkung, das L\u00f6schen oder die Vernichtung.<br \/>\nEinschr\u00e4nkung der Verarbeitung<br \/>\n\u201eEinschr\u00e4nkung der Verarbeitung\u201c ist die Markierung gespeicherter personenbezogener Daten mit dem Ziel, ihre k\u00fcnftige Verarbeitung einzuschr\u00e4nken.<br \/>\nProfiling<br \/>\n\u201eProfiling\u201c ist jede Art der automatisierten Verarbeitung personenbezogener Daten, die darin besteht, dass diese personenbezogenen Daten verwendet werden, um bestimmte pers\u00f6nliche Aspekte, die sich auf eine nat\u00fcrliche Person beziehen, zu bewerten, insbesondere um Aspekte bez\u00fcglich Arbeitsleistung, wirtschaftliche Lage, Gesundheit, pers\u00f6nliche Vorlieben, Interessen, Zuverl\u00e4ssigkeit, Verhalten, Aufenthaltsort oder Ortswechsel dieser nat\u00fcrlichen Person zu analysieren oder vorherzusagen.<br \/>\nPseudonymisierung<br \/>\n\u201ePseudonymisierung\u201c ist die Verarbeitung personenbezogener Daten in einer Weise, dass die personenbezogenen Daten ohne Hinzuziehung zus\u00e4tzlicher Informationen nicht mehr einer spezifischen betroffenen Person zugeordnet werden k\u00f6nnen, sofern diese zus\u00e4tzlichen Informationen gesondert aufbewahrt werden und technischen und organisatorischen Ma\u00dfnahmen unterliegen, die gew\u00e4hrleisten, dass die personenbezogenen Daten nicht einer identifizierten oder identifizierbaren nat\u00fcrlichen Person zugewiesen werden k\u00f6nnen.<br \/>\nDateisystem<br \/>\n\u201eDateisystem\u201c ist jede strukturierte Sammlung personenbezogener Daten, die nach bestimmten Kriterien zug\u00e4nglich sind, unabh\u00e4ngig davon, ob diese Sammlung zentral, dezentral oder nach funktionalen oder geografischen Gesichtspunkten geordnet gef\u00fchrt wird.<br \/>\nVerantwortlicher<br \/>\n\u201eVerantwortlicher\u201c ist eine nat\u00fcrliche oder juristische Person, Beh\u00f6rde, Einrichtung oder andere Stelle, die allein oder gemeinsam mit anderen \u00fcber die Zwecke und Mittel der Verarbeitung von personenbezogenen Daten entscheidet; sind die Zwecke und Mittel dieser Verarbeitung durch das Unionsrecht oder das Recht der Mitgliedstaaten vorgegeben, so k\u00f6nnen der Verantwortliche beziehungsweise die bestimmten Kriterien seiner Benennung nach dem Unionsrecht oder dem Recht der Mitgliedstaaten vorgesehen werden.<br \/>\nAuftragsverarbeiter<br \/>\n\u201eAuftragsverarbeiter\u201c ist eine nat\u00fcrliche oder juristische Person, Beh\u00f6rde, Einrichtung oder andere Stelle, die personenbezogene Daten im Auftrag des Verantwortlichen verarbeitet.<br \/>\nEmpf\u00e4nger<br \/>\n\u201eEmpf\u00e4nger\u201c ist eine nat\u00fcrliche oder juristische Person, Beh\u00f6rde, Einrichtung oder andere Stelle, denen personenbezogene Daten offengelegt werden, unabh\u00e4ngig davon, ob es sich bei ihr um einen Dritten handelt oder nicht. Beh\u00f6rden, die im Rahmen eines bestimmten Untersuchungsauftrags nach dem Unionsrecht oder dem Recht der Mitgliedstaaten m\u00f6glicherweise personenbezogene Daten erhalten, gelten jedoch nicht als Empf\u00e4nger; die Verarbeitung dieser Daten durch die genannten Beh\u00f6rden erfolgt im Einklang mit den geltenden Datenschutzvorschriften gem\u00e4\u00df den Zwecken der Verarbeitung.<br \/>\nDritter<br \/>\n\u201eDritter\u201c ist eine nat\u00fcrliche oder juristische Person, Beh\u00f6rde, Einrichtung oder andere Stelle, au\u00dfer der betroffenen Person, dem Verantwortlichen, dem Auftragsverarbeiter und den Personen, die unter der unmittelbaren Verantwortung des Verantwortlichen oder des Auftragsverarbeiters befugt sind, die personenbezogenen Daten zu verarbeiten.<br \/>\nEinwilligung<br \/>\nEine \u201eEinwilligung\u201c der betroffenen Person ist jede freiwillig f\u00fcr den bestimmten Fall, in informierter Weise und unmissverst\u00e4ndlich abgegebene Willensbekundung in Form einer Erkl\u00e4rung oder einer sonstigen eindeutigen best\u00e4tigenden Handlung, mit der die betroffene Person zu verstehen gibt, dass sie mit der Verarbeitung der sie betreffenden personenbezogenen Daten einverstanden ist.<br \/>\nRechtm\u00e4\u00dfigkeit der Verarbeitung<\/p>\n<p>Die Verarbeitung personenbezogener Daten ist nur rechtm\u00e4\u00dfig, wenn f\u00fcr die Verarbeitung eine Rechtsgrundlage besteht. Rechtsgrundlage f\u00fcr die Verarbeitung k\u00f6nnen gem\u00e4\u00df Artikel 6 Abs. 1 lit. a \u2013 f DSGVO insbesondere sein:<\/p>\n<p>Die betroffene Person hat ihre Einwilligung zu der Verarbeitung der sie betreffenden personenbezogenen Daten f\u00fcr einen oder mehrere bestimmte Zwecke gegeben;<br \/>\ndie Verarbeitung ist f\u00fcr die Erf\u00fcllung eines Vertrags, dessen Vertragspartei die betroffene Person ist, oder zur Durchf\u00fchrung vorvertraglicher Ma\u00dfnahmen erforderlich, die auf Anfrage der betroffenen Person erfolgen;<br \/>\ndie Verarbeitung ist zur Erf\u00fcllung einer rechtlichen Verpflichtung erforderlich, der der Verantwortliche unterliegt;<br \/>\ndie Verarbeitung ist erforderlich, um lebenswichtige Interessen der betroffenen Person oder einer anderen nat\u00fcrlichen Person zu sch\u00fctzen;<br \/>\ndie Verarbeitung ist f\u00fcr die Wahrnehmung einer Aufgabe erforderlich, die im \u00f6ffentlichen Interesse liegt oder in Aus\u00fcbung \u00f6ffentlicher Gewalt erfolgt, die dem Verantwortlichen \u00fcbertragen wurde;<br \/>\ndie Verarbeitung ist zur Wahrung der berechtigten Interessen des Verantwortlichen oder eines Dritten erforderlich, sofern nicht die Interessen oder Grundrechte und Grundfreiheiten der betroffenen Person, die den Schutz personenbezogener Daten erfordern, \u00fcberwiegen, insbesondere dann, wenn es sich bei der betroffenen Person um ein Kind handelt.<br \/>\nInformation \u00fcber die Erhebung personenbezogener Daten<\/p>\n<p>(1) Im Folgenden informieren wir \u00fcber die Erhebung personenbezogener Daten bei Nutzung unserer Website. Personenbezogene Daten sind z.\u2009B. Name, Adresse, E-Mail-Adressen, Nutzerverhalten.<\/p>\n<p>(2) Bei einer Kontaktaufnahme mit uns per E-Mail oder \u00fcber ein Kontaktformular werden die von Ihnen mitgeteilten Daten (Ihre E-Mail-Adresse, ggf. Ihr Name und Ihre Telefonnummer) von uns gespeichert, um Ihre Fragen zu beantworten. Die in diesem Zusammenhang anfallenden Daten l\u00f6schen wir, nachdem die Speicherung nicht mehr erforderlich ist, oder die Verarbeitung wird eingeschr\u00e4nkt, falls gesetzliche Aufbewahrungspflichten bestehen.<\/p>\n<p>Erhebung personenbezogener Daten bei Besuch unserer Website<\/p>\n<p>Bei der blo\u00df informatorischen Nutzung der Website, also wenn Sie sich nicht registrieren oder uns anderweitig Informationen \u00fcbermitteln, erheben wir nur die personenbezogenen Daten, die Ihr Browser an unseren Server \u00fcbermittelt. Wenn Sie unsere Website betrachten m\u00f6chten, erheben wir die folgenden Daten, die f\u00fcr uns technisch erforderlich sind, um Ihnen unsere Website anzuzeigen und die Stabilit\u00e4t und Sicherheit zu gew\u00e4hrleisten (Rechtsgrundlage ist Art. 6 Abs. 1 S. 1 lit. f DSGVO):<\/p>\n<p>IP-Adresse<br \/>\nDatum und Uhrzeit der Anfrage<br \/>\nZeitzonendifferenz zur Greenwich Mean Time (GMT)<br \/>\nInhalt der Anforderung (konkrete Seite)<br \/>\nZugriffsstatus\/HTTP-Statuscode<br \/>\njeweils \u00fcbertragene Datenmenge<br \/>\nWebsite, von der die Anforderung kommt<br \/>\nBrowser<br \/>\nBetriebssystem und dessen Oberfl\u00e4che<br \/>\nSprache und Version der Browsersoftware.<br \/>\nEinsatz von Cookies<\/p>\n<p>(1) Zus\u00e4tzlich zu den zuvor genannten Daten werden bei der Nutzung unserer Website Cookies auf Ihrem Rechner gespeichert. Bei Cookies handelt es sich um kleine Textdateien, die auf Ihrer Festplatte dem von Ihnen verwendeten Browser zugeordnet gespeichert werden und durch welche der Stelle, die den Cookie setzt, bestimmte Informationen zuflie\u00dfen. Cookies k\u00f6nnen keine Programme ausf\u00fchren oder Viren auf Ihren Computer \u00fcbertragen. Sie dienen dazu, das Internetangebot insgesamt nutzerfreundlicher und effektiver zu machen.<\/p>\n<p>(2) Diese Website nutzt folgende Arten von Cookies, deren Umfang und Funktionsweise im Folgenden erl\u00e4utert werden:<\/p>\n<p>Transiente Cookies (dazu a.)<br \/>\nPersistente Cookies (dazu b.).<br \/>\nTransiente Cookies werden automatisiert gel\u00f6scht, wenn Sie den Browser schlie\u00dfen. Dazu z\u00e4hlen insbesondere die Session-Cookies. Diese speichern eine sogenannte Session-ID, mit welcher sich verschiedene Anfragen Ihres Browsers der gemeinsamen Sitzung zuordnen lassen. Dadurch kann Ihr Rechner wiedererkannt werden, wenn Sie auf unsere Website zur\u00fcckkehren. Die Session-Cookies werden gel\u00f6scht, wenn Sie sich ausloggen oder den Browser schlie\u00dfen.<br \/>\nPersistente Cookies werden automatisiert nach einer vorgegebenen Dauer gel\u00f6scht, die sich je nach Cookie unterscheiden kann. Sie k\u00f6nnen die Cookies in den Sicherheitseinstellungen Ihres Browsers jederzeit l\u00f6schen.<br \/>\nSie k\u00f6nnen Ihre Browser-Einstellung entsprechend Ihren W\u00fcnschen konfigurieren und z.\u2009B. die Annahme von Third-Party-Cookies oder allen Cookies ablehnen. Sog. \u201eThird Party Cookies\u201c sind Cookies, die durch einen Dritten gesetzt wurden, folglich nicht durch die eigentliche Website auf der man sich gerade befindet. Wir weisen Sie darauf hin, dass Sie durch die Deaktivierung von Cookies eventuell nicht alle Funktionen dieser Website nutzen k\u00f6nnen.<br \/>\nWeitere Funktionen und Angebote unserer Website<\/p>\n<p>(1) Neben der rein informatorischen Nutzung unserer Website bieten wir verschiedene Leistungen an, die Sie bei Interesse nutzen k\u00f6nnen. Dazu m\u00fcssen Sie in der Regel weitere personenbezogene Daten angeben, die wir zur Erbringung der jeweiligen Leistung nutzen und f\u00fcr die die zuvor genannten Grunds\u00e4tze zur Datenverarbeitung gelten.<\/p>\n<p>(2) Teilweise bedienen wir uns zur Verarbeitung Ihrer Daten externer Dienstleister. Diese wurden von uns sorgf\u00e4ltig ausgew\u00e4hlt und beauftragt, sind an unsere Weisungen gebunden und werden regelm\u00e4\u00dfig kontrolliert.<\/p>\n<p>(3) Weiterhin k\u00f6nnen wir Ihre personenbezogenen Daten an Dritte weitergeben, wenn Aktionsteilnahmen, Gewinnspiele, Vertragsabschl\u00fcsse oder \u00e4hnliche Leistungen von uns gemeinsam mit Partnern angeboten werden. N\u00e4here Informationen hierzu erhalten Sie bei Angabe Ihrer personenbezogenen Daten oder untenstehend in der Beschreibung des Angebotes.<\/p>\n<p>(4) Soweit unsere Dienstleister oder Partner ihren Sitz in einem Staat au\u00dferhalb des Europ\u00e4ischen Wirtschaftsraumen (EWR) haben, informieren wir Sie \u00fcber die Folgen dieses Umstands in der Beschreibung des Angebotes.<\/p>\n<p>Kinder<\/p>\n<p>Unser Angebot richtet sich grunds\u00e4tzlich an Erwachsene. Personen unter 18 Jahren sollten ohne Zustimmung der Eltern oder Erziehungsberechtigten keine personenbezogenen Daten an uns \u00fcbermitteln.<\/p>\n<p>Rechte der betroffenen Person<\/p>\n<p>(1) Widerruf der Einwilligung<\/p>\n<p>Sofern die Verarbeitung der personenbezogenen Daten auf einer erteilten Einwilligung beruht, haben Sie jederzeit das Recht, die Einwilligung zu widerrufen. Durch den Widerruf der Einwilligung wird die Rechtm\u00e4\u00dfigkeit der aufgrund der Einwilligung bis zum Widerruf erfolgten Verarbeitung nicht ber\u00fchrt.<\/p>\n<p>F\u00fcr die Aus\u00fcbung des Widerrufsrechts k\u00f6nnen Sie sich jederzeit an uns wenden.<\/p>\n<p>(2) Recht auf Best\u00e4tigung<\/p>\n<p>Sie haben das Recht, von dem Verantwortlichen eine Best\u00e4tigung dar\u00fcber zu verlangen, ob wir sie betreffende personenbezogene Daten verarbeiten. Die Best\u00e4tigung k\u00f6nnen Sie jederzeit unter den oben genannten Kontaktdaten verlangen.<\/p>\n<p>(3) Auskunftsrecht<\/p>\n<p>Sofern personenbezogene Daten verarbeitet werden, k\u00f6nnen Sie jederzeit Auskunft \u00fcber diese personenbezogenen Daten und \u00fcber folgenden Informationen verlangen:<\/p>\n<p>die Verarbeitungszwecke;<br \/>\nden Kategorien personenbezogener Daten, die verarbeitet werden;<br \/>\ndie Empf\u00e4nger oder Kategorien von Empf\u00e4ngern, gegen\u00fcber denen die personenbezogenen Daten offengelegt worden sind oder noch offengelegt werden, insbesondere bei Empf\u00e4ngern in Drittl\u00e4ndern oder bei internationalen Organisationen;<br \/>\nfalls m\u00f6glich, die geplante Dauer, f\u00fcr die die personenbezogenen Daten gespeichert werden, oder, falls dies nicht m\u00f6glich ist, die Kriterien f\u00fcr die Festlegung dieser Dauer;<br \/>\ndas Bestehen eines Rechts auf Berichtigung oder L\u00f6schung der Sie betreffende<\/p>\n","protected":false},"excerpt":{"rendered":"<p>Datenschutzerkl\u00e4rung Name und Kontakt des Verantwortlichen gem\u00e4\u00df Artikel 4 Abs. 7 DSGVO Name: Hof Kure GbR Vertreten durch: Fabian Kurre Anschrift: Zum See 4, 49456 Bakum Telefon: 04446-968244 E-Mail: info@bakumer-wiesenei.de Sicherheit und Schutz Ihrer personenbezogenen Daten Wir betrachten es als unsere vorrangige Aufgabe, die Vertraulichkeit der von Ihnen bereitgestellten personenbezogenen Daten zu wahren und diese [&hellip;]<\/p>\n","protected":false},"author":1,"featured_media":0,"parent":0,"menu_order":0,"comment_status":"closed","ping_status":"closed","template":"","meta":[],"_links":{"self":[{"href":"https:\/\/bakumer-wiesenei.de\/index.php?rest_route=\/wp\/v2\/pages\/396"}],"collection":[{"href":"https:\/\/bakumer-wiesenei.de\/index.php?rest_route=\/wp\/v2\/pages"}],"about":[{"href":"https:\/\/bakumer-wiesenei.de\/index.php?rest_route=\/wp\/v2\/types\/page"}],"author":[{"embeddable":true,"href":"https:\/\/bakumer-wiesenei.de\/index.php?rest_route=\/wp\/v2\/users\/1"}],"replies":[{"embeddable":true,"href":"https:\/\/bakumer-wiesenei.de\/index.php?rest_route=%2Fwp%2Fv2%2Fcomments&post=396"}],"version-history":[{"count":4,"href":"https:\/\/bakumer-wiesenei.de\/index.php?rest_route=\/wp\/v2\/pages\/396\/revisions"}],"predecessor-version":[{"id":400,"href":"https:\/\/bakumer-wiesenei.de\/index.php?rest_route=\/wp\/v2\/pages\/396\/revisions\/400"}],"wp:attachment":[{"href":"https:\/\/bakumer-wiesenei.de\/index.php?rest_route=%2Fwp%2Fv2%2Fmedia&parent=396"}],"curies":[{"name":"wp","href":"https:\/\/api.w.org\/{rel}","templated":true}]}}