{"id":228,"date":"2020-04-19T10:00:25","date_gmt":"2020-04-19T10:00:25","guid":{"rendered":"http:\/\/192.168.0.6\/demos\/coffee\/?page_id=4"},"modified":"2023-05-02T11:39:33","modified_gmt":"2023-05-02T11:39:33","slug":"homepage-coffee-shop","status":"publish","type":"page","link":"https:\/\/bakumer-wiesenei.de\/","title":{"rendered":"Bakumer Wiesenei &#8211; Home"},"content":{"rendered":"<section class=\"wpb-content-wrapper\"><p>[vc_row row_type=&#8220;full_width&#8220; type=&#8220;container&#8220; bg_select=&#8220;bg_parallax&#8220; parallax_speed=&#8220;4&#8243; p_top=&#8220;200&#8243; p_bottom=&#8220;200&#8243; p_left=&#8220;15&#8243; p_right=&#8220;15&#8243; bg_color=&#8220;#212121&#8243; parallax_img=&#8220;245&#8243;][vc_column content_align=&#8220;text-center&#8220;][vc_single_image image=&#8220;255&#8243; img_size=&#8220;large&#8220; css=&#8220;.vc_custom_1587239566861{padding-bottom: -20px !important;}&#8220;][vc_single_image image=&#8220;252&#8243; img_size=&#8220;full&#8220; alignment=&#8220;center&#8220;][\/vc_column][\/vc_row][vc_row disable_element=&#8220;yes&#8220; row_type=&#8220;full_width&#8220; type=&#8220;container&#8220; bg_select=&#8220;bg_parallax&#8220; parallax_speed=&#8220;0&#8243; parallax_repeat=&#8220;contain&#8220; bg_image_postions=&#8220;right bottom&#8220; bg_image_attach=&#8220;scroll&#8220; p_bottom=&#8220;45px&#8220; bg_color=&#8220;rgba(247,240,233,0.49)&#8220; parallax_img=&#8220;79&#8243;][vc_column][vc_row_inner css=&#8220;.vc_custom_1568599063397{margin-top: -120px !important;}&#8220;][vc_column_inner width=&#8220;1\/3&#8243;][vc_single_image image=&#8220;62&#8243; img_size=&#8220;full&#8220;]<div class=\"wbc-color-box clearfix\" style=\"background-color:#ffffff;margin-bottom:35px;margin-top:-3px;padding-bottom:0px;padding-right:25px;padding-top:25px;padding-left:25px;border-radius:3px;box-shadow:0px 0px 5px 0px rgba(0,0,0,0.08);\"><div class=\"wbc-heading clearfix\"><h3 class=\"default-heading\" style=\"font-size:20px;\">Fresh Roasted Espresso<\/h3><\/div>[vc_column_text]We roast our espresso beans inhouse to make sure each shot of espresso is the best shot you&#8217;ve had ever![\/vc_column_text][vc_column_text css=&#8220;.vc_custom_1568600987216{margin-top: -15px !important;}&#8220;]<a href=\"#\">Learn More &gt;<\/a>[\/vc_column_text]<\/div>[\/vc_column_inner][vc_column_inner width=&#8220;1\/3&#8243;][vc_single_image image=&#8220;64&#8243; img_size=&#8220;full&#8220;]<div class=\"wbc-color-box clearfix\" style=\"background-color:#ffffff;margin-bottom:35px;margin-top:-3px;padding-bottom:0px;padding-right:25px;padding-top:25px;padding-left:25px;border-radius:3px;box-shadow:0px 0px 5px 0px rgba(0,0,0,0.08);\"><div class=\"wbc-heading clearfix\"><h3 class=\"default-heading\" style=\"font-size:20px;\">World Famous Shots<\/h3><\/div>[vc_column_text]State of the art espresso machine combined with our fresh roasted beans gives it the best espresso experience[\/vc_column_text][vc_column_text css=&#8220;.vc_custom_1568601008330{margin-top: -15px !important;}&#8220;]<a href=\"#\">Learn More &gt;<\/a>[\/vc_column_text]<\/div>[\/vc_column_inner][vc_column_inner width=&#8220;1\/3&#8243;][vc_single_image image=&#8220;65&#8243; img_size=&#8220;full&#8220;]<div class=\"wbc-color-box clearfix\" style=\"background-color:#ffffff;margin-bottom:35px;margin-top:-3px;padding-bottom:0px;padding-right:25px;padding-top:25px;padding-left:25px;border-radius:3px;box-shadow:0px 0px 5px 0px rgba(0,0,0,0.08);\"><div class=\"wbc-heading clearfix\"><h3 class=\"default-heading\" style=\"font-size:20px;\">Free WiFi Access<\/h3><\/div>[vc_column_text]We treat all of our coffee lovers to free WiFi internet access so you can enjoy your coffee and surf the web at the same time![\/vc_column_text][vc_column_text css=&#8220;.vc_custom_1568601018805{margin-top: -15px !important;}&#8220;]<a href=\"#\">Learn More &gt;<\/a>[\/vc_column_text]<\/div>[\/vc_column_inner][\/vc_row_inner][\/vc_column][\/vc_row][vc_row row_type=&#8220;full_width&#8220; type=&#8220;container&#8220; anchor=&#8220;about&#8220; p_top=&#8220;65&#8243; p_bottom=&#8220;65&#8243;][vc_column width=&#8220;7\/12&#8243;][vc_empty_space height=&#8220;25px&#8220;]<div class=\"wbc-heading clearfix\"><h3 class=\"default-heading\" style=\"font-size:40px;\">Unser <span class=\"wbc-color\" >Hof Kurre<\/span><\/h3><\/div><hr class=\"wbc-hr\" style=\"background-color:#7dba2b;width:70px;height:2px;margin-bottom:20px;margin-top:0px;margin-left:0px;\" \/><div class=\"wbc-heading clearfix\"><div class=\"default-heading\" style=\"font-size:18px;margin-bottom:20px;max-width:800px;\">Frische Eier vom regionalen Familienbetrieb<\/div><\/div>[vc_column_text]Unser Familienbetrieb &#8218;HOF KURRE&#8216; liegt im heimischen Bakum, im Oldenburger M\u00fcnsterland.\u00a0Unsere Kunden versorgen wir mit frischen Eiern in erstklassiger Qualit\u00e4t aus mobiler Freilandhaltung.<\/p>\n<p>Unsere Legehennen werden artgerecht und gesund in unserem Mobilstall sowie auf unserer gro\u00dffl\u00e4chigen Wiese gehalten. Der Auslauf ist ganzt\u00e4gig, uneingeschr\u00e4nkt und allen H\u00fchnern des Stalles gleichzeitig zug\u00e4nglich.<br \/>\nNeben Hygiene und modernen Standards in der Haltung hat bei uns die ausgewogene F\u00fctterung h\u00f6chste Priorit\u00e4t. Unsere Legehennen erhalten daher ausschlie\u00dflich hochwertiges Futter mit reichhaltigen N\u00e4hrstoffen.<\/p>\n<p>Sie m\u00f6chten sich selbst \u00fcberzeugen? &#8211; Schauen Sie doch mal vorbei![\/vc_column_text][vc_row_inner][vc_column_inner width=&#8220;1\/2&#8243;][\/vc_column_inner][vc_column_inner width=&#8220;1\/2&#8243;][\/vc_column_inner][\/vc_row_inner][\/vc_column][vc_column width=&#8220;5\/12&#8243;][vc_single_image image=&#8220;257&#8243; img_size=&#8220;full&#8220; alignment=&#8220;center&#8220;][\/vc_column][\/vc_row][vc_row row_type=&#8220;full_width&#8220; type=&#8220;container&#8220; bg_select=&#8220;bg_parallax&#8220; parallax_speed=&#8220;4&#8243; p_top=&#8220;65&#8243; p_bottom=&#8220;65&#8243; parallax_img=&#8220;275&#8243;][vc_column content_align=&#8220;text-center&#8220;][vc_empty_space height=&#8220;25px&#8220;]<div class=\"wbc-heading clearfix\"><h3 class=\"special-heading-3\" style=\"font-size:40px;color:#ffffff;margin-bottom:0px;\">Mobile H\u00fchnerhaltung - <span class=\"wbc-color\" >Was ist das?<\/span><\/h3><\/div><hr class=\"wbc-hr\" style=\"background-color:#7dba2b;width:70px;height:2px;\" \/><div class=\"wbc-heading clearfix\"><div class=\"default-heading\" style=\"font-size:18px;color:#ffffff;text-align:center;margin-right:auto;margin-left:auto;max-width:800px;\">Unser Mobilstall wird mehrmals im Monat auf der gr\u00fcnen Wiese versetzt.<br \/>\nDas bringt viele Vorteile mit sich:<\/div><\/div>[vc_empty_space height=&#8220;40px&#8220;][vc_row_inner][vc_column_inner width=&#8220;1\/3&#8243;]<div class=\"wbc-icon-wrapper\" style=\"margin-bottom:15px;\"><span class=\"wbc-icon\" style=\"font-size:60px;color:#7dba2b;\"><i class=\"wbc-font-icon fas fa-seedling\"><\/i><\/span><\/div><div class=\"wbc-heading clearfix\"><div class=\"default-heading\" style=\"font-size:18px;color:#ffffff;text-align:center;margin-right:auto;margin-left:auto;max-width:800px;\">UMWELTSCHUTZ<\/div><\/div>[vc_column_text]Durch regelm\u00e4\u00dfiges Versetzen des Mobilstalls wird eine \u00dcberd\u00fcngung des Bodens vermieden.<br \/>\nDas Gras kann sich somit wieder erholen.[\/vc_column_text][\/vc_column_inner][vc_column_inner width=&#8220;1\/3&#8243;]<div class=\"wbc-icon-wrapper\" style=\"margin-bottom:15px;\"><span class=\"wbc-icon\" style=\"font-size:60px;color:#7dba2b;\"><i class=\"wbc-font-icon far fa-heart\"><\/i><\/span><\/div><div class=\"wbc-heading clearfix\"><div class=\"default-heading\" style=\"font-size:18px;color:#ffffff;text-align:center;margin-right:auto;margin-left:auto;max-width:800px;\">TIERWOHL<\/div><\/div>[vc_column_text]Unsere H\u00fchner werden in kleinen Gruppen gehalten und erhalten somit mehr Platz und Auslauf als konventionelle Freilandh\u00fchner.[\/vc_column_text][\/vc_column_inner][vc_column_inner width=&#8220;1\/3&#8243;]<div class=\"wbc-icon-wrapper\" style=\"margin-bottom:15px;\"><span class=\"wbc-icon\" style=\"font-size:60px;color:#7dba2b;\"><i class=\"wbc-font-icon fas fa-egg\"><\/i><\/span><\/div><div class=\"wbc-heading clearfix\"><div class=\"default-heading\" style=\"font-size:18px;color:#ffffff;text-align:center;margin-right:auto;margin-left:auto;max-width:800px;\">GESCHMACK<\/div><\/div>[vc_column_text]Durch ausreichend, frisches Gras bekommen unsere Wieseneier eine kr\u00e4ftigere Dotterfarbe\u00a0und somit einen intensiven, einzigartigen Geschmack.[\/vc_column_text][\/vc_column_inner][\/vc_row_inner][\/vc_column][\/vc_row][vc_row row_type=&#8220;full_width&#8220; type=&#8220;container&#8220; anchor=&#8220;produkte&#8220; p_top=&#8220;65&#8243; p_bottom=&#8220;0&#8243;][vc_column content_align=&#8220;text-center&#8220;][vc_empty_space height=&#8220;25px&#8220;]<div class=\"wbc-heading clearfix\"><h3 class=\"special-heading-3\" style=\"font-size:40px;margin-bottom:0px;\">Unsere <span class=\"wbc-color\" >Produkte<\/span><\/h3><\/div><hr class=\"wbc-hr\" style=\"background-color:#7dba2b;width:70px;height:2px;\" \/><div class=\"wbc-heading clearfix\"><div class=\"default-heading\" style=\"font-size:18px;color:#ffffff;text-align:center;margin-right:auto;margin-left:auto;max-width:800px;\"><\/div><\/div>[\/vc_column][\/vc_row][vc_row row_type=&#8220;full_width&#8220; type=&#8220;container&#8220; anchor=&#8220;info&#8220; p_top=&#8220;71&#8243; p_bottom=&#8220;80&#8243;][vc_column width=&#8220;1\/2&#8243;][vc_single_image image=&#8220;305&#8243; img_size=&#8220;full&#8220; alignment=&#8220;center&#8220; css=&#8220;.vc_custom_1587297908113{margin-left: -15px !important;}&#8220;][\/vc_column][vc_column width=&#8220;1\/2&#8243;][vc_empty_space height=&#8220;35px&#8220;]<div class=\"wbc-heading clearfix\"><h3 class=\"special-heading-3\" style=\"font-size:40px;\">Unser <span class=\"wbc-color\" >10er<\/span> Karton<\/h3><\/div><hr class=\"wbc-hr\" style=\"background-color:#7dba2b;width:70px;height:2px;margin-bottom:20px;margin-top:0px;margin-left:0px;margin-right:0px;\" \/><div class=\"wbc-heading clearfix\"><div class=\"default-heading\" style=\"font-size:18px;margin-bottom:20px;margin-right:auto;margin-left:auto;max-width:800px;\">Der Klassiker - 10 frische Eier aus Freilandhaltung.<br \/>\nVom heimischen Landwirt aus Bakum.<\/div><\/div>[vc_column_text]G\u00fcteklasse A<br \/>\nMindestnettogewicht: 350g<br \/>\nEier verschiedener Gr\u00f6\u00dfen<br \/>\nOhne Gentechnik[\/vc_column_text][\/vc_column][vc_column][vc_empty_space height=&#8220;35px&#8220;][\/vc_column][vc_column width=&#8220;1\/2&#8243;][vc_empty_space height=&#8220;35px&#8220;]<div class=\"wbc-heading clearfix\"><h3 class=\"special-heading-3\" style=\"font-size:40px;\"><span class=\"wbc-color\" >20<\/span> Mini-Eier<\/h3><\/div><hr class=\"wbc-hr\" style=\"background-color:#7dba2b;width:70px;height:2px;margin-bottom:20px;margin-top:0px;margin-left:0px;margin-right:0px;\" \/><div class=\"wbc-heading clearfix\"><div class=\"default-heading\" style=\"font-size:18px;margin-bottom:20px;margin-right:auto;margin-left:auto;max-width:800px;\">20 frische Minis von unseren Junghennen.<br \/>\nDiese sind zwar etwas kleiner, aber schmecken so aromatisch wie die Gro\u00dfen!<\/div><\/div>[vc_column_text]G\u00fcteklasse A<br \/>\nMindestnettogewicht: 1kg<br \/>\nEier verschiedener Gr\u00f6\u00dfen<br \/>\nOhne Gentechnik[\/vc_column_text][\/vc_column][vc_column width=&#8220;1\/2&#8243; p_top=&#8220;25&#8243;][vc_single_image image=&#8220;315&#8243; img_size=&#8220;full&#8220; alignment=&#8220;center&#8220; css=&#8220;.vc_custom_1587303464984{margin-right: -15px !important;}&#8220;][\/vc_column][\/vc_row][vc_row row_type=&#8220;full_width&#8220; type=&#8220;container&#8220; anchor=&#8220;verkaufsstellen&#8220; p_top=&#8220;65&#8243; p_bottom=&#8220;65&#8243;][vc_column content_align=&#8220;text-center&#8220;][vc_empty_space height=&#8220;25px&#8220;]<div class=\"wbc-heading clearfix\"><h3 class=\"special-heading-3\" style=\"font-size:40px;margin-bottom:0px;\">Aktuelle <span class=\"wbc-color\" >Verkaufsstellen<\/span><\/h3><\/div><hr class=\"wbc-hr\" style=\"background-color:#7dba2b;width:70px;height:2px;\" \/><div class=\"wbc-heading clearfix\"><div class=\"default-heading\" style=\"font-size:18px;text-align:center;margin-right:auto;margin-left:auto;max-width:800px;\">Aktuell k\u00f6nnen Sie unsere leckeren <span class=\"wbc-color\" >BAKUMER WIESENEIER<\/span> in folgenden M\u00e4rkten erwerben:<\/div><\/div>[vc_empty_space height=&#8220;40px&#8220;][vc_row_inner][vc_column_inner width=&#8220;1\/3&#8243;][vc_single_image image=&#8220;322&#8243; img_size=&#8220;full&#8220; alignment=&#8220;center&#8220;]<div class=\"wbc-heading clearfix\"><div class=\"default-heading\" style=\"font-size:18px;text-align:center;margin-right:auto;margin-top:20px;margin-left:auto;max-width:800px;\">REWE Supermarkt<\/div><\/div>[vc_column_text]Falkenweg 6<br \/>\nD-49377 Vechta[\/vc_column_text][\/vc_column_inner][vc_column_inner width=&#8220;1\/3&#8243;][vc_single_image image=&#8220;322&#8243; img_size=&#8220;full&#8220; alignment=&#8220;center&#8220;]<div class=\"wbc-heading clearfix\"><div class=\"default-heading\" style=\"font-size:18px;text-align:center;margin-right:auto;margin-top:20px;margin-left:auto;max-width:800px;\">REWE Supermarkt<\/div><\/div>[vc_column_text]Oythe 3<br \/>\nD-49377 Vechta[\/vc_column_text][\/vc_column_inner][vc_column_inner width=&#8220;1\/3&#8243;][vc_single_image image=&#8220;324&#8243; img_size=&#8220;full&#8220; alignment=&#8220;center&#8220;]<div class=\"wbc-heading clearfix\"><div class=\"default-heading\" style=\"font-size:18px;text-align:center;margin-right:auto;margin-top:20px;margin-left:auto;max-width:800px;\">Eierautomat bei der Fleischerei Landwehr<\/div><\/div>[vc_column_text]Von-Galen-Stra\u00dfe 21<br \/>\nD-49456 Bakum[\/vc_column_text][\/vc_column_inner][\/vc_row_inner][vc_row_inner][vc_column_inner width=&#8220;1\/3&#8243;][vc_single_image image=&#8220;412&#8243; img_size=&#8220;full&#8220; alignment=&#8220;center&#8220;]<div class=\"wbc-heading clearfix\"><div class=\"default-heading\" style=\"font-size:18px;text-align:center;margin-right:auto;margin-top:20px;margin-left:auto;max-width:800px;\">famila Verbrauchermarkt<\/div><\/div>[vc_column_text]Cappelner Str. 4<br \/>\nD-49661 Cloppenburg[\/vc_column_text][\/vc_column_inner][vc_column_inner width=&#8220;1\/3&#8243;][vc_single_image image=&#8220;413&#8243; img_size=&#8220;full&#8220; alignment=&#8220;center&#8220;]<div class=\"wbc-heading clearfix\"><div class=\"default-heading\" style=\"font-size:18px;text-align:center;margin-right:auto;margin-top:20px;margin-left:auto;max-width:800px;\">Wegner Fleisch- &amp; Wurstwaren<\/div><\/div>[vc_column_text]Falkenweg 5b<br \/>\nD-49377 Vechta[\/vc_column_text][\/vc_column_inner][vc_column_inner width=&#8220;1\/3&#8243;][\/vc_column_inner][\/vc_row_inner][\/vc_column][\/vc_row][vc_row row_type=&#8220;full_width&#8220; type=&#8220;container&#8220; bg_select=&#8220;bg_parallax&#8220; parallax_speed=&#8220;4&#8243; anchor=&#8220;about&#8220; p_top=&#8220;65&#8243; p_bottom=&#8220;65&#8243; parallax_img=&#8220;245&#8243;][vc_column content_align=&#8220;text-center&#8220;][vc_empty_space height=&#8220;25px&#8220;]<div class=\"wbc-heading clearfix\"><h3 class=\"special-heading-3\" style=\"font-size:40px;color:#ffffff;margin-bottom:0px;\">Was steht auf dem <span class=\"wbc-color\" >Ei<\/span>?<\/h3><\/div><hr class=\"wbc-hr\" style=\"background-color:#7dba2b;width:70px;height:2px;\" \/><div class=\"wbc-heading clearfix\"><div class=\"default-heading\" style=\"font-size:18px;color:#ffffff;text-align:center;margin-right:auto;margin-left:auto;max-width:800px;\">Die Code-Nummer bedeutet:<\/div><\/div>[vc_empty_space height=&#8220;40px&#8220;][vc_single_image image=&#8220;319&#8243; img_size=&#8220;full&#8220; alignment=&#8220;center&#8220;][\/vc_column][\/vc_row][vc_row row_type=&#8220;full_width&#8220; type=&#8220;container&#8220; anchor=&#8220;gallery&#8220; p_top=&#8220;35&#8243; p_bottom=&#8220;110&#8243;][vc_column content_align=&#8220;text-center&#8220;][vc_empty_space height=&#8220;35px&#8220;]<div class=\"wbc-heading clearfix\"><h3 class=\"special-heading-3\" style=\"font-size:40px;margin-bottom:0px;\">Einblick in die <span class=\"wbc-color\" >Eiproduktion<\/span><\/h3><\/div><hr class=\"wbc-hr\" style=\"background-color:#7dba2b;width:70px;height:2px;\" \/><div class=\"wbc-heading clearfix\"><div class=\"default-heading\" style=\"font-size:18px;text-align:center;margin-right:auto;margin-left:auto;max-width:800px;\">Hier bekommen Sie einen kleinen Einblick von unserem kleinen Familienunternehmen.<\/div><\/div>[vc_empty_space height=&#8220;40px&#8220;][vc_media_grid element_width=&#8220;3&#8243; grid_id=&#8220;vc_gid:1683027550173-f38981c0-3986-9&#8243; include=&#8220;421,422,423,425,428,426,427,333,331,332,329,334&#8243;][\/vc_column][\/vc_row][vc_row row_type=&#8220;full_width&#8220; type=&#8220;container&#8220; bg_select=&#8220;bg_parallax&#8220; parallax_speed=&#8220;4&#8243; anchor=&#8220;about&#8220; p_top=&#8220;150px&#8220; p_bottom=&#8220;150px&#8220; parallax_img=&#8220;351&#8243; bg_color=&#8220;#212121&#8243;][vc_column width=&#8220;1\/4&#8243;]<div class=\"wbc-color-box clearfix\" style=\"background-color:rgba(255,255,255,0.01);text-align:center;padding-bottom:100px;padding-right:30px;padding-top:100px;padding-left:30px;border-color:rgba(255,255,255,0.09);border-width:1px;border-style:solid;\"><div class=\"wbc-icon-wrapper\" style=\"margin-bottom:15px;\"><span class=\"wbc-icon\" style=\"font-size:55px;\"><i class=\"wbc-font-icon fas fa-seedling\"><\/i><\/span><\/div><div class=\"wbc-countup-wrapper special-heading-3\" style=\"color:#ffffff;margin-bottom:20px;\"><span class=\"wbc-countup count-start\"  data-to=\"5000\" data-speed=\"2000\" data-refresh-interval=\"10\" >0<\/span>qm<\/div><div class=\"wbc-heading clearfix\"><h4 class=\"default-heading\" style=\"color:#ffffff;margin-bottom:20px;\">GR\u00dcNE WIESENFL\u00c4CHE<\/h4><\/div><\/div>[\/vc_column][vc_column width=&#8220;1\/4&#8243;]<div class=\"wbc-color-box clearfix\" style=\"background-color:rgba(255,255,255,0.01);text-align:center;padding-bottom:100px;padding-right:30px;padding-top:100px;padding-left:30px;border-color:rgba(255,255,255,0.09);border-width:1px;border-style:solid;\"><div class=\"wbc-icon-wrapper\" style=\"margin-bottom:15px;\"><span class=\"wbc-icon\" style=\"font-size:55px;\"><i class=\"wbc-font-icon fas fa-dove\"><\/i><\/span><\/div><div class=\"wbc-countup-wrapper special-heading-3\" style=\"color:#ffffff;margin-bottom:20px;\"><span class=\"wbc-countup count-start\"  data-to=\"450\" data-speed=\"2000\" data-refresh-interval=\"10\" >0<\/span><\/div><div class=\"wbc-heading clearfix\"><h4 class=\"default-heading\" style=\"color:#ffffff;margin-bottom:20px;\">GL\u00dcCKLICHE H\u00dcHNER<\/h4><\/div><\/div>[\/vc_column][vc_column width=&#8220;1\/4&#8243;]<div class=\"wbc-color-box clearfix\" style=\"background-color:rgba(255,255,255,0.01);text-align:center;padding-bottom:100px;padding-right:30px;padding-top:100px;padding-left:30px;border-color:rgba(255,255,255,0.09);border-width:1px;border-style:solid;\"><div class=\"wbc-icon-wrapper\" style=\"margin-bottom:15px;\"><span class=\"wbc-icon\" style=\"font-size:55px;\"><i class=\"wbc-font-icon fas fa-cloud-sun\"><\/i><\/span><\/div><div class=\"wbc-countup-wrapper special-heading-3\" style=\"color:#ffffff;margin-bottom:20px;\"><span class=\"wbc-countup count-start\"  data-to=\"365\" data-speed=\"2000\" data-refresh-interval=\"10\" >0<\/span>Tage<\/div><div class=\"wbc-heading clearfix\"><h4 class=\"default-heading\" style=\"color:#ffffff;margin-bottom:20px;\">FREILAUF<\/h4><\/div><\/div>[\/vc_column][vc_column width=&#8220;1\/4&#8243;]<div class=\"wbc-color-box clearfix\" style=\"background-color:rgba(255,255,255,0.01);text-align:center;padding-bottom:100px;padding-right:30px;padding-top:100px;padding-left:30px;border-color:rgba(255,255,255,0.09);border-width:1px;border-style:solid;\"><div class=\"wbc-icon-wrapper\" style=\"margin-bottom:15px;\"><span class=\"wbc-icon\" style=\"font-size:55px;\"><i class=\"wbc-font-icon fas fa-egg\"><\/i><\/span><\/div><div class=\"wbc-countup-wrapper special-heading-3\" style=\"color:#ffffff;margin-bottom:20px;\"><span class=\"wbc-countup count-start\"  data-to=\"17324\" data-speed=\"2000\" data-refresh-interval=\"10\" >0<\/span><\/div><div class=\"wbc-heading clearfix\"><h4 class=\"default-heading\" style=\"color:#ffffff;margin-bottom:20px;\">GELEGTE EIER<\/h4><\/div><\/div>[\/vc_column][\/vc_row]<\/p>\n<\/section>","protected":false},"excerpt":{"rendered":"<p>[vc_row row_type=&#8220;full_width&#8220; type=&#8220;container&#8220; bg_select=&#8220;bg_parallax&#8220; parallax_speed=&#8220;4&#8243; p_top=&#8220;200&#8243; p_bottom=&#8220;200&#8243; p_left=&#8220;15&#8243; p_right=&#8220;15&#8243; bg_color=&#8220;#212121&#8243; parallax_img=&#8220;245&#8243;][vc_column content_align=&#8220;text-center&#8220;][vc_single_image image=&#8220;255&#8243; img_size=&#8220;large&#8220; css=&#8220;.vc_custom_1587239566861{padding-bottom: -20px !important;}&#8220;][vc_single_image image=&#8220;252&#8243; img_size=&#8220;full&#8220; alignment=&#8220;center&#8220;][\/vc_column][\/vc_row][vc_row disable_element=&#8220;yes&#8220; row_type=&#8220;full_width&#8220; type=&#8220;container&#8220; bg_select=&#8220;bg_parallax&#8220; parallax_speed=&#8220;0&#8243; parallax_repeat=&#8220;contain&#8220; bg_image_postions=&#8220;right bottom&#8220; bg_image_attach=&#8220;scroll&#8220; p_bottom=&#8220;45px&#8220; bg_color=&#8220;rgba(247,240,233,0.49)&#8220; parallax_img=&#8220;79&#8243;][vc_column][vc_row_inner css=&#8220;.vc_custom_1568599063397{margin-top: -120px !important;}&#8220;][vc_column_inner width=&#8220;1\/3&#8243;][vc_single_image image=&#8220;62&#8243; img_size=&#8220;full&#8220;][\/vc_column_inner][vc_column_inner width=&#8220;1\/3&#8243;][vc_single_image image=&#8220;64&#8243; img_size=&#8220;full&#8220;][\/vc_column_inner][vc_column_inner width=&#8220;1\/3&#8243;][vc_single_image image=&#8220;65&#8243; img_size=&#8220;full&#8220;][\/vc_column_inner][\/vc_row_inner][\/vc_column][\/vc_row][vc_row row_type=&#8220;full_width&#8220; type=&#8220;container&#8220; anchor=&#8220;about&#8220; p_top=&#8220;65&#8243; p_bottom=&#8220;65&#8243;][vc_column width=&#8220;7\/12&#8243;][vc_empty_space height=&#8220;25px&#8220;][vc_column_text]Unser Familienbetrieb &#8218;HOF KURRE&#8216; liegt [&hellip;]<\/p>\n","protected":false},"author":1,"featured_media":0,"parent":0,"menu_order":0,"comment_status":"closed","ping_status":"closed","template":"template-page-full.php","meta":[],"_links":{"self":[{"href":"https:\/\/bakumer-wiesenei.de\/index.php?rest_route=\/wp\/v2\/pages\/228"}],"collection":[{"href":"https:\/\/bakumer-wiesenei.de\/index.php?rest_route=\/wp\/v2\/pages"}],"about":[{"href":"https:\/\/bakumer-wiesenei.de\/index.php?rest_route=\/wp\/v2\/types\/page"}],"author":[{"embeddable":true,"href":"https:\/\/bakumer-wiesenei.de\/index.php?rest_route=\/wp\/v2\/users\/1"}],"replies":[{"embeddable":true,"href":"https:\/\/bakumer-wiesenei.de\/index.php?rest_route=%2Fwp%2Fv2%2Fcomments&post=228"}],"version-history":[{"count":83,"href":"https:\/\/bakumer-wiesenei.de\/index.php?rest_route=\/wp\/v2\/pages\/228\/revisions"}],"predecessor-version":[{"id":430,"href":"https:\/\/bakumer-wiesenei.de\/index.php?rest_route=\/wp\/v2\/pages\/228\/revisions\/430"}],"wp:attachment":[{"href":"https:\/\/bakumer-wiesenei.de\/index.php?rest_route=%2Fwp%2Fv2%2Fmedia&parent=228"}],"curies":[{"name":"wp","href":"https:\/\/api.w.org\/{rel}","templated":true}]}}